{"id":12,"date":"2025-05-21T16:19:24","date_gmt":"2025-05-21T16:19:24","guid":{"rendered":"https:\/\/saraortizmediacionfamiliar.rkinformatika.online\/?page_id=12"},"modified":"2026-03-05T15:21:37","modified_gmt":"2026-03-05T15:21:37","slug":"servicios","status":"publish","type":"page","link":"https:\/\/saraortizmediacionfamiliar.com\/en\/servicios\/","title":{"rendered":"Services"},"content":{"rendered":"<div data-elementor-type=\"wp-page\" data-elementor-id=\"12\" class=\"elementor elementor-12\" data-elementor-post-type=\"page\">\n\t\t\t\t<div class=\"elementor-element elementor-element-0e32924 e-con-full e-flex elementor-invisible e-con e-parent\" data-id=\"0e32924\" data-element_type=\"container\" data-e-type=\"container\" data-settings=\"{&quot;background_background&quot;:&quot;classic&quot;,&quot;animation&quot;:&quot;fadeIn&quot;}\">\n\t\t<div class=\"elementor-element elementor-element-118698f e-con-full e-flex e-con e-child\" data-id=\"118698f\" data-element_type=\"container\" data-e-type=\"container\">\n\t\t<div class=\"elementor-element elementor-element-5988dc8 e-con-full e-flex e-con e-child\" data-id=\"5988dc8\" data-element_type=\"container\" data-e-type=\"container\">\n\t\t<div class=\"elementor-element elementor-element-c56e931 e-con-full animated-slow e-flex e-con e-child\" data-id=\"c56e931\" data-element_type=\"container\" data-e-type=\"container\" data-settings=\"{&quot;animation&quot;:&quot;none&quot;,&quot;animation_mobile&quot;:&quot;fadeIn&quot;}\">\n\t\t\t\t<div class=\"elementor-element elementor-element-923e8c1 elementor-widget-tablet__width-initial elementor-widget-mobile__width-initial animated-slow elementor-widget__width-initial elementor-invisible elementor-widget elementor-widget-heading\" data-id=\"923e8c1\" data-element_type=\"widget\" data-e-type=\"widget\" data-settings=\"{&quot;_animation_tablet&quot;:&quot;fadeInDown&quot;,&quot;_animation&quot;:&quot;fadeInDown&quot;}\" data-widget_type=\"heading.default\">\n\t\t\t\t<div class=\"elementor-widget-container\">\n\t\t\t\t\t<h1 class=\"elementor-heading-title elementor-size-default\">\u201cEscucharse con el coraz\u00f3n es el comienzo de cualquier soluci\u00f3n duradera\u201d\n\n\n<\/h1>\t\t\t\t<\/div>\n\t\t\t\t<\/div>\n\t\t\t\t<div class=\"elementor-element elementor-element-f349794 elementor-widget-tablet__width-initial elementor-widget-mobile__width-initial animated-slow elementor-invisible elementor-widget elementor-widget-heading\" data-id=\"f349794\" data-element_type=\"widget\" data-e-type=\"widget\" data-settings=\"{&quot;_animation_tablet&quot;:&quot;fadeInDown&quot;,&quot;_animation&quot;:&quot;fadeInUp&quot;,&quot;_animation_mobile&quot;:&quot;fadeInUp&quot;}\" data-widget_type=\"heading.default\">\n\t\t\t\t<div class=\"elementor-widget-container\">\n\t\t\t\t\t<h2 class=\"elementor-heading-title elementor-size-default\">Te ofrezco un espacio para hablar, entender y sanar. Conoce mis servicios<\/h2>\t\t\t\t<\/div>\n\t\t\t\t<\/div>\n\t\t\t\t<\/div>\n\t\t\t\t<\/div>\n\t\t<div class=\"elementor-element elementor-element-0e72dd6 e-con-full e-flex e-con e-child\" data-id=\"0e72dd6\" data-element_type=\"container\" data-e-type=\"container\">\n\t\t\t\t<\/div>\n\t\t\t\t<\/div>\n\t\t\t\t<\/div>\n\t\t<div class=\"elementor-element elementor-element-45026db e-con-full e-flex e-con e-parent\" data-id=\"45026db\" data-element_type=\"container\" data-e-type=\"container\">\n\t\t<div class=\"elementor-element elementor-element-f5ef20f e-con-full animated-slow e-flex elementor-invisible e-con e-child\" data-id=\"f5ef20f\" data-element_type=\"container\" data-e-type=\"container\" data-settings=\"{&quot;background_background&quot;:&quot;classic&quot;,&quot;animation&quot;:&quot;fadeInLeft&quot;}\">\n\t\t<div class=\"elementor-element elementor-element-d766989 e-con-full e-flex e-con e-child\" data-id=\"d766989\" data-element_type=\"container\" data-e-type=\"container\">\n\t\t<div class=\"elementor-element elementor-element-98a2c57 e-con-full e-flex e-con e-child\" data-id=\"98a2c57\" data-element_type=\"container\" data-e-type=\"container\">\n\t\t<div class=\"elementor-element elementor-element-946561b e-con-full e-flex e-con e-child\" data-id=\"946561b\" data-element_type=\"container\" data-e-type=\"container\">\n\t\t\t\t<div class=\"elementor-element elementor-element-1024583 elementor-widget-tablet__width-initial elementor-widget-mobile__width-initial animated-slow elementor-widget elementor-widget-heading\" data-id=\"1024583\" data-element_type=\"widget\" data-e-type=\"widget\" data-settings=\"{&quot;_animation&quot;:&quot;none&quot;,&quot;_animation_tablet&quot;:&quot;fadeInDown&quot;}\" data-widget_type=\"heading.default\">\n\t\t\t\t<div class=\"elementor-widget-container\">\n\t\t\t\t\t<h3 class=\"elementor-heading-title elementor-size-default\">Mediaci\u00f3n Familiar online<\/h3>\t\t\t\t<\/div>\n\t\t\t\t<\/div>\n\t\t\t\t<\/div>\n\t\t\t\t<div class=\"elementor-element elementor-element-01153b0 elementor-widget__width-initial elementor-widget elementor-widget-text-editor\" data-id=\"01153b0\" data-element_type=\"widget\" data-e-type=\"widget\" data-widget_type=\"text-editor.default\">\n\t\t\t\t<div class=\"elementor-widget-container\">\n\t\t\t\t\t\t\t\t\t<p>Donde est\u00e9s, cuando lo necesites. La mediaci\u00f3n online te ofrece un espacio seguro para hablar, comprender y construir acuerdos desde casa.<\/p>\t\t\t\t\t\t\t\t<\/div>\n\t\t\t\t<\/div>\n\t\t\t\t<div class=\"elementor-element elementor-element-09e89c3 animated-slow elementor-invisible elementor-widget elementor-widget-button\" data-id=\"09e89c3\" data-element_type=\"widget\" data-e-type=\"widget\" data-settings=\"{&quot;_animation&quot;:&quot;fadeInUp&quot;,&quot;_animation_delay&quot;:1000}\" data-widget_type=\"button.default\">\n\t\t\t\t<div class=\"elementor-widget-container\">\n\t\t\t\t\t\t\t\t\t<div class=\"elementor-button-wrapper\">\n\t\t\t\t\t<a class=\"elementor-button elementor-button-link elementor-size-sm\" href=\"tel:%20686%20776%20837\" target=\"_blank\">\n\t\t\t\t\t\t<span class=\"elementor-button-content-wrapper\">\n\t\t\t\t\t\t\t\t\t<span class=\"elementor-button-text\">Contact me<\/span>\n\t\t\t\t\t<\/span>\n\t\t\t\t\t<\/a>\n\t\t\t\t<\/div>\n\t\t\t\t\t\t\t\t<\/div>\n\t\t\t\t<\/div>\n\t\t\t\t<\/div>\n\t\t\t\t<\/div>\n\t\t<div class=\"elementor-element elementor-element-0379561 e-con-full e-flex e-con e-child\" data-id=\"0379561\" data-element_type=\"container\" data-e-type=\"container\">\n\t\t\t\t<div class=\"elementor-element elementor-element-6996fcc elementor-widget elementor-widget-image\" data-id=\"6996fcc\" data-element_type=\"widget\" data-e-type=\"widget\" data-widget_type=\"image.default\">\n\t\t\t\t<div class=\"elementor-widget-container\">\n\t\t\t\t\t\t\t\t\t\t\t\t\t\t\t<img fetchpriority=\"high\" decoding=\"async\" width=\"1328\" height=\"870\" src=\"https:\/\/saraortizmediacionfamiliar.com\/wp-content\/uploads\/2025\/05\/Sara-mediadora-9-e1747922770113.png\" class=\"attachment-full size-full wp-image-274\" alt=\"\" srcset=\"https:\/\/saraortizmediacionfamiliar.com\/wp-content\/uploads\/2025\/05\/Sara-mediadora-9-e1747922770113.png 1328w, https:\/\/saraortizmediacionfamiliar.com\/wp-content\/uploads\/2025\/05\/Sara-mediadora-9-e1747922770113-300x197.png 300w, https:\/\/saraortizmediacionfamiliar.com\/wp-content\/uploads\/2025\/05\/Sara-mediadora-9-e1747922770113-1024x671.png 1024w, https:\/\/saraortizmediacionfamiliar.com\/wp-content\/uploads\/2025\/05\/Sara-mediadora-9-e1747922770113-768x503.png 768w, https:\/\/saraortizmediacionfamiliar.com\/wp-content\/uploads\/2025\/05\/Sara-mediadora-9-e1747922770113-18x12.png 18w\" sizes=\"(max-width: 1328px) 100vw, 1328px\" \/>\t\t\t\t\t\t\t\t\t\t\t\t\t\t\t<\/div>\n\t\t\t\t<\/div>\n\t\t\t\t<\/div>\n\t\t\t\t<\/div>\n\t\t<div class=\"elementor-element elementor-element-10282ba e-con-full animated-slow e-flex elementor-invisible e-con e-child\" data-id=\"10282ba\" data-element_type=\"container\" data-e-type=\"container\" data-settings=\"{&quot;background_background&quot;:&quot;classic&quot;,&quot;animation&quot;:&quot;fadeInRight&quot;}\">\n\t\t<div class=\"elementor-element elementor-element-2a80c46 e-con-full e-flex e-con e-child\" data-id=\"2a80c46\" data-element_type=\"container\" data-e-type=\"container\">\n\t\t<div class=\"elementor-element elementor-element-7ed1708 e-con-full e-flex e-con e-child\" data-id=\"7ed1708\" data-element_type=\"container\" data-e-type=\"container\">\n\t\t<div class=\"elementor-element elementor-element-0495c0a e-con-full e-flex e-con e-child\" data-id=\"0495c0a\" data-element_type=\"container\" data-e-type=\"container\">\n\t\t\t\t<div class=\"elementor-element elementor-element-84bc6bf elementor-widget-tablet__width-initial elementor-widget-mobile__width-initial animated-slow elementor-widget elementor-widget-heading\" data-id=\"84bc6bf\" data-element_type=\"widget\" data-e-type=\"widget\" data-settings=\"{&quot;_animation&quot;:&quot;none&quot;,&quot;_animation_tablet&quot;:&quot;fadeInDown&quot;}\" data-widget_type=\"heading.default\">\n\t\t\t\t<div class=\"elementor-widget-container\">\n\t\t\t\t\t<h3 class=\"elementor-heading-title elementor-size-default\">Mediaci\u00f3n Familiar presencial gratuita en Fundaci\u00f3n FADE<\/h3>\t\t\t\t<\/div>\n\t\t\t\t<\/div>\n\t\t\t\t<\/div>\n\t\t\t\t<div class=\"elementor-element elementor-element-f9f104f elementor-widget__width-initial elementor-widget elementor-widget-text-editor\" data-id=\"f9f104f\" data-element_type=\"widget\" data-e-type=\"widget\" data-widget_type=\"text-editor.default\">\n\t\t\t\t<div class=\"elementor-widget-container\">\n\t\t\t\t\t\t\t\t\t<p>Un servicio gratuito y cercano para quienes necesitan apoyo. Te acompa\u00f1o de forma presencial en Fundaci\u00f3n FADE para ayudarte a resolver conflictos familiares.<\/p>\t\t\t\t\t\t\t\t<\/div>\n\t\t\t\t<\/div>\n\t\t\t\t<div class=\"elementor-element elementor-element-9d52ddc animated-slow elementor-invisible elementor-widget elementor-widget-button\" data-id=\"9d52ddc\" data-element_type=\"widget\" data-e-type=\"widget\" data-settings=\"{&quot;_animation&quot;:&quot;fadeInUp&quot;,&quot;_animation_delay&quot;:1000}\" data-widget_type=\"button.default\">\n\t\t\t\t<div class=\"elementor-widget-container\">\n\t\t\t\t\t\t\t\t\t<div class=\"elementor-button-wrapper\">\n\t\t\t\t\t<a class=\"elementor-button elementor-button-link elementor-size-sm\" href=\"tel:%20686%20776%20837\" target=\"_blank\">\n\t\t\t\t\t\t<span class=\"elementor-button-content-wrapper\">\n\t\t\t\t\t\t\t\t\t<span class=\"elementor-button-text\">Contact me<\/span>\n\t\t\t\t\t<\/span>\n\t\t\t\t\t<\/a>\n\t\t\t\t<\/div>\n\t\t\t\t\t\t\t\t<\/div>\n\t\t\t\t<\/div>\n\t\t\t\t<\/div>\n\t\t\t\t<\/div>\n\t\t<div class=\"elementor-element elementor-element-5991427 e-con-full e-flex e-con e-child\" data-id=\"5991427\" data-element_type=\"container\" data-e-type=\"container\">\n\t\t\t\t<div class=\"elementor-element elementor-element-096ac39 elementor-widget elementor-widget-image\" data-id=\"096ac39\" data-element_type=\"widget\" data-e-type=\"widget\" data-widget_type=\"image.default\">\n\t\t\t\t<div class=\"elementor-widget-container\">\n\t\t\t\t\t\t\t\t\t\t\t\t\t\t\t<img decoding=\"async\" width=\"1334\" height=\"874\" src=\"https:\/\/saraortizmediacionfamiliar.com\/wp-content\/uploads\/2025\/05\/Sara-mediadora-10-e1747926529756.png\" class=\"attachment-full size-full wp-image-302\" alt=\"\" srcset=\"https:\/\/saraortizmediacionfamiliar.com\/wp-content\/uploads\/2025\/05\/Sara-mediadora-10-e1747926529756.png 1334w, https:\/\/saraortizmediacionfamiliar.com\/wp-content\/uploads\/2025\/05\/Sara-mediadora-10-e1747926529756-300x197.png 300w, https:\/\/saraortizmediacionfamiliar.com\/wp-content\/uploads\/2025\/05\/Sara-mediadora-10-e1747926529756-1024x671.png 1024w, https:\/\/saraortizmediacionfamiliar.com\/wp-content\/uploads\/2025\/05\/Sara-mediadora-10-e1747926529756-768x503.png 768w, https:\/\/saraortizmediacionfamiliar.com\/wp-content\/uploads\/2025\/05\/Sara-mediadora-10-e1747926529756-18x12.png 18w\" sizes=\"(max-width: 1334px) 100vw, 1334px\" \/>\t\t\t\t\t\t\t\t\t\t\t\t\t\t\t<\/div>\n\t\t\t\t<\/div>\n\t\t\t\t<\/div>\n\t\t\t\t<\/div>\n\t\t\t\t<\/div>\n\t\t<div class=\"elementor-element elementor-element-ec5b3c2 e-con-full e-flex elementor-invisible e-con e-parent\" data-id=\"ec5b3c2\" data-element_type=\"container\" data-e-type=\"container\" data-settings=\"{&quot;background_background&quot;:&quot;classic&quot;,&quot;animation&quot;:&quot;fadeIn&quot;}\">\n\t\t<div class=\"elementor-element elementor-element-dc1ac78 e-con-full e-flex e-con e-child\" data-id=\"dc1ac78\" data-element_type=\"container\" data-e-type=\"container\">\n\t\t<div class=\"elementor-element elementor-element-f47fb10 e-con-full animated-slow e-flex elementor-invisible e-con e-child\" data-id=\"f47fb10\" data-element_type=\"container\" data-e-type=\"container\" data-settings=\"{&quot;animation&quot;:&quot;fadeInDown&quot;}\">\n\t\t\t\t<div class=\"elementor-element elementor-element-507f1cf elementor-widget-tablet__width-initial elementor-widget-mobile__width-initial animated-slow elementor-widget elementor-widget-heading\" data-id=\"507f1cf\" data-element_type=\"widget\" data-e-type=\"widget\" data-settings=\"{&quot;_animation_tablet&quot;:&quot;fadeInDown&quot;,&quot;_animation&quot;:&quot;none&quot;}\" data-widget_type=\"heading.default\">\n\t\t\t\t<div class=\"elementor-widget-container\">\n\t\t\t\t\t<h1 class=\"elementor-heading-title elementor-size-default\">\u00bfTe gustar\u00eda contarme tu situaci\u00f3n?<\/h1>\t\t\t\t<\/div>\n\t\t\t\t<\/div>\n\t\t\t\t<div class=\"elementor-element elementor-element-ee8ff29 elementor-widget-tablet__width-initial elementor-widget-mobile__width-initial elementor-widget elementor-widget-heading\" data-id=\"ee8ff29\" data-element_type=\"widget\" data-e-type=\"widget\" data-settings=\"{&quot;_animation_tablet&quot;:&quot;fadeInDown&quot;}\" data-widget_type=\"heading.default\">\n\t\t\t\t<div class=\"elementor-widget-container\">\n\t\t\t\t\t<h1 class=\"elementor-heading-title elementor-size-default\">El camino hacia la comprensi\u00f3n empieza con un mensaje<\/h1>\t\t\t\t<\/div>\n\t\t\t\t<\/div>\n\t\t\t\t<\/div>\n\t\t\t\t<div class=\"elementor-element elementor-element-598075c animated-slow elementor-invisible elementor-widget elementor-widget-button\" data-id=\"598075c\" data-element_type=\"widget\" data-e-type=\"widget\" data-settings=\"{&quot;_animation&quot;:&quot;fadeInUp&quot;,&quot;_animation_delay&quot;:1000}\" data-widget_type=\"button.default\">\n\t\t\t\t<div class=\"elementor-widget-container\">\n\t\t\t\t\t\t\t\t\t<div class=\"elementor-button-wrapper\">\n\t\t\t\t\t<a class=\"elementor-button elementor-button-link elementor-size-sm\" href=\"https:\/\/saraortizmediacionfamiliar.com\/en\/contacto\/\">\n\t\t\t\t\t\t<span class=\"elementor-button-content-wrapper\">\n\t\t\t\t\t\t\t\t\t<span class=\"elementor-button-text\">Ver Contacto<\/span>\n\t\t\t\t\t<\/span>\n\t\t\t\t\t<\/a>\n\t\t\t\t<\/div>\n\t\t\t\t\t\t\t\t<\/div>\n\t\t\t\t<\/div>\n\t\t\t\t<\/div>\n\t\t\t\t<\/div>\n\t\t\t\t<\/div>","protected":false},"excerpt":{"rendered":"<p>\u201cEscucharse con el coraz\u00f3n es el comienzo de cualquier soluci\u00f3n duradera\u201d Te ofrezco un espacio para hablar, entender y sanar. Conoce mis servicios Mediaci\u00f3n Familiar online Donde est\u00e9s, cuando lo necesites. La mediaci\u00f3n online te ofrece un espacio seguro para hablar, comprender y construir acuerdos desde casa. Cont\u00e1ctame Mediaci\u00f3n Familiar presencial gratuita en Fundaci\u00f3n FADE [&hellip;]<\/p>\n","protected":false},"author":1,"featured_media":0,"parent":0,"menu_order":0,"comment_status":"closed","ping_status":"closed","template":"elementor_canvas","meta":{"footnotes":""},"class_list":["post-12","page","type-page","status-publish","hentry"],"yoast_head":"<!-- This site is optimized with the Yoast SEO plugin v27.3 - https:\/\/yoast.com\/product\/yoast-seo-wordpress\/ -->\n<title>Servicios - Sara Ortiz-Mediadora Familiar<\/title>\n<meta name=\"robots\" content=\"index, follow, max-snippet:-1, max-image-preview:large, max-video-preview:-1\" \/>\n<link rel=\"canonical\" href=\"https:\/\/saraortizmediacionfamiliar.com\/en\/servicios\/\" \/>\n<meta property=\"og:locale\" content=\"en_US\" \/>\n<meta property=\"og:type\" content=\"article\" \/>\n<meta property=\"og:title\" content=\"Servicios - Sara Ortiz-Mediadora Familiar\" \/>\n<meta property=\"og:description\" content=\"\u201cEscucharse con el coraz\u00f3n es el comienzo de cualquier soluci\u00f3n duradera\u201d Te ofrezco un espacio para hablar, entender y sanar. Conoce mis servicios Mediaci\u00f3n Familiar online Donde est\u00e9s, cuando lo necesites. La mediaci\u00f3n online te ofrece un espacio seguro para hablar, comprender y construir acuerdos desde casa. Cont\u00e1ctame Mediaci\u00f3n Familiar presencial gratuita en Fundaci\u00f3n FADE [&hellip;]\" \/>\n<meta property=\"og:url\" content=\"https:\/\/saraortizmediacionfamiliar.com\/en\/servicios\/\" \/>\n<meta property=\"og:site_name\" content=\"Sara Ortiz-Mediadora Familiar\" \/>\n<meta property=\"article:modified_time\" content=\"2026-03-05T15:21:37+00:00\" \/>\n<meta property=\"og:image\" content=\"https:\/\/saraortizmediacionfamiliar.com\/wp-content\/uploads\/2025\/05\/Sara-mediadora-9-e1747922770113-1024x671.png\" \/>\n\t<meta property=\"og:image:width\" content=\"1024\" \/>\n\t<meta property=\"og:image:height\" content=\"671\" \/>\n\t<meta property=\"og:image:type\" content=\"image\/png\" \/>\n<meta name=\"twitter:card\" content=\"summary_large_image\" \/>\n<meta name=\"twitter:label1\" content=\"Est. reading time\" \/>\n\t<meta name=\"twitter:data1\" content=\"1 minute\" \/>\n<script type=\"application\/ld+json\" class=\"yoast-schema-graph\">{\"@context\":\"https:\\\/\\\/schema.org\",\"@graph\":[{\"@type\":\"WebPage\",\"@id\":\"https:\\\/\\\/saraortizmediacionfamiliar.com\\\/servicios\\\/\",\"url\":\"https:\\\/\\\/saraortizmediacionfamiliar.com\\\/servicios\\\/\",\"name\":\"Servicios - Sara Ortiz-Mediadora Familiar\",\"isPartOf\":{\"@id\":\"https:\\\/\\\/saraortizmediacionfamiliar.com\\\/#website\"},\"primaryImageOfPage\":{\"@id\":\"https:\\\/\\\/saraortizmediacionfamiliar.com\\\/servicios\\\/#primaryimage\"},\"image\":{\"@id\":\"https:\\\/\\\/saraortizmediacionfamiliar.com\\\/servicios\\\/#primaryimage\"},\"thumbnailUrl\":\"https:\\\/\\\/saraortizmediacionfamiliar.com\\\/wp-content\\\/uploads\\\/2025\\\/05\\\/Sara-mediadora-9-e1747922770113.png\",\"datePublished\":\"2025-05-21T16:19:24+00:00\",\"dateModified\":\"2026-03-05T15:21:37+00:00\",\"breadcrumb\":{\"@id\":\"https:\\\/\\\/saraortizmediacionfamiliar.com\\\/servicios\\\/#breadcrumb\"},\"inLanguage\":\"en-US\",\"potentialAction\":[{\"@type\":\"ReadAction\",\"target\":[\"https:\\\/\\\/saraortizmediacionfamiliar.com\\\/servicios\\\/\"]}]},{\"@type\":\"ImageObject\",\"inLanguage\":\"en-US\",\"@id\":\"https:\\\/\\\/saraortizmediacionfamiliar.com\\\/servicios\\\/#primaryimage\",\"url\":\"https:\\\/\\\/saraortizmediacionfamiliar.com\\\/wp-content\\\/uploads\\\/2025\\\/05\\\/Sara-mediadora-9-e1747922770113.png\",\"contentUrl\":\"https:\\\/\\\/saraortizmediacionfamiliar.com\\\/wp-content\\\/uploads\\\/2025\\\/05\\\/Sara-mediadora-9-e1747922770113.png\"},{\"@type\":\"BreadcrumbList\",\"@id\":\"https:\\\/\\\/saraortizmediacionfamiliar.com\\\/servicios\\\/#breadcrumb\",\"itemListElement\":[{\"@type\":\"ListItem\",\"position\":1,\"name\":\"Portada\",\"item\":\"https:\\\/\\\/saraortizmediacionfamiliar.com\\\/\"},{\"@type\":\"ListItem\",\"position\":2,\"name\":\"Servicios\"}]},{\"@type\":\"WebSite\",\"@id\":\"https:\\\/\\\/saraortizmediacionfamiliar.com\\\/#website\",\"url\":\"https:\\\/\\\/saraortizmediacionfamiliar.com\\\/\",\"name\":\"Sara Ortiz-Mediadora Familiar\",\"description\":\"Mediaci\u00f3n Familiar. Resoluci\u00f3n de conflictos de pareja, padres-hijos, hermanos, hijos-padres\",\"publisher\":{\"@id\":\"https:\\\/\\\/saraortizmediacionfamiliar.com\\\/#organization\"},\"potentialAction\":[{\"@type\":\"SearchAction\",\"target\":{\"@type\":\"EntryPoint\",\"urlTemplate\":\"https:\\\/\\\/saraortizmediacionfamiliar.com\\\/?s={search_term_string}\"},\"query-input\":{\"@type\":\"PropertyValueSpecification\",\"valueRequired\":true,\"valueName\":\"search_term_string\"}}],\"inLanguage\":\"en-US\"},{\"@type\":\"Organization\",\"@id\":\"https:\\\/\\\/saraortizmediacionfamiliar.com\\\/#organization\",\"name\":\"Sara Ortiz-Mediadora Familiar\",\"url\":\"https:\\\/\\\/saraortizmediacionfamiliar.com\\\/\",\"logo\":{\"@type\":\"ImageObject\",\"inLanguage\":\"en-US\",\"@id\":\"https:\\\/\\\/saraortizmediacionfamiliar.com\\\/#\\\/schema\\\/logo\\\/image\\\/\",\"url\":\"https:\\\/\\\/saraortizmediacionfamiliar.com\\\/wp-content\\\/uploads\\\/2025\\\/06\\\/cropped-cropped-cropped-logosaraPNG-scaled-1-1-1.png\",\"contentUrl\":\"https:\\\/\\\/saraortizmediacionfamiliar.com\\\/wp-content\\\/uploads\\\/2025\\\/06\\\/cropped-cropped-cropped-logosaraPNG-scaled-1-1-1.png\",\"width\":2558,\"height\":869,\"caption\":\"Sara Ortiz-Mediadora Familiar\"},\"image\":{\"@id\":\"https:\\\/\\\/saraortizmediacionfamiliar.com\\\/#\\\/schema\\\/logo\\\/image\\\/\"}}]}<\/script>\n<!-- \/ Yoast SEO plugin. -->","yoast_head_json":{"title":"Servicios - Sara Ortiz-Mediadora Familiar","robots":{"index":"index","follow":"follow","max-snippet":"max-snippet:-1","max-image-preview":"max-image-preview:large","max-video-preview":"max-video-preview:-1"},"canonical":"https:\/\/saraortizmediacionfamiliar.com\/en\/servicios\/","og_locale":"en_US","og_type":"article","og_title":"Servicios - Sara Ortiz-Mediadora Familiar","og_description":"\u201cEscucharse con el coraz\u00f3n es el comienzo de cualquier soluci\u00f3n duradera\u201d Te ofrezco un espacio para hablar, entender y sanar. Conoce mis servicios Mediaci\u00f3n Familiar online Donde est\u00e9s, cuando lo necesites. La mediaci\u00f3n online te ofrece un espacio seguro para hablar, comprender y construir acuerdos desde casa. Cont\u00e1ctame Mediaci\u00f3n Familiar presencial gratuita en Fundaci\u00f3n FADE [&hellip;]","og_url":"https:\/\/saraortizmediacionfamiliar.com\/en\/servicios\/","og_site_name":"Sara Ortiz-Mediadora Familiar","article_modified_time":"2026-03-05T15:21:37+00:00","og_image":[{"width":1024,"height":671,"url":"https:\/\/saraortizmediacionfamiliar.com\/wp-content\/uploads\/2025\/05\/Sara-mediadora-9-e1747922770113-1024x671.png","type":"image\/png"}],"twitter_card":"summary_large_image","twitter_misc":{"Est. reading time":"1 minute"},"schema":{"@context":"https:\/\/schema.org","@graph":[{"@type":"WebPage","@id":"https:\/\/saraortizmediacionfamiliar.com\/servicios\/","url":"https:\/\/saraortizmediacionfamiliar.com\/servicios\/","name":"Servicios - Sara Ortiz-Mediadora Familiar","isPartOf":{"@id":"https:\/\/saraortizmediacionfamiliar.com\/#website"},"primaryImageOfPage":{"@id":"https:\/\/saraortizmediacionfamiliar.com\/servicios\/#primaryimage"},"image":{"@id":"https:\/\/saraortizmediacionfamiliar.com\/servicios\/#primaryimage"},"thumbnailUrl":"https:\/\/saraortizmediacionfamiliar.com\/wp-content\/uploads\/2025\/05\/Sara-mediadora-9-e1747922770113.png","datePublished":"2025-05-21T16:19:24+00:00","dateModified":"2026-03-05T15:21:37+00:00","breadcrumb":{"@id":"https:\/\/saraortizmediacionfamiliar.com\/servicios\/#breadcrumb"},"inLanguage":"en-US","potentialAction":[{"@type":"ReadAction","target":["https:\/\/saraortizmediacionfamiliar.com\/servicios\/"]}]},{"@type":"ImageObject","inLanguage":"en-US","@id":"https:\/\/saraortizmediacionfamiliar.com\/servicios\/#primaryimage","url":"https:\/\/saraortizmediacionfamiliar.com\/wp-content\/uploads\/2025\/05\/Sara-mediadora-9-e1747922770113.png","contentUrl":"https:\/\/saraortizmediacionfamiliar.com\/wp-content\/uploads\/2025\/05\/Sara-mediadora-9-e1747922770113.png"},{"@type":"BreadcrumbList","@id":"https:\/\/saraortizmediacionfamiliar.com\/servicios\/#breadcrumb","itemListElement":[{"@type":"ListItem","position":1,"name":"Portada","item":"https:\/\/saraortizmediacionfamiliar.com\/"},{"@type":"ListItem","position":2,"name":"Servicios"}]},{"@type":"WebSite","@id":"https:\/\/saraortizmediacionfamiliar.com\/#website","url":"https:\/\/saraortizmediacionfamiliar.com\/","name":"Sara Ortiz-Mediadora Familiar","description":"Mediaci\u00f3n Familiar. Resoluci\u00f3n de conflictos de pareja, padres-hijos, hermanos, hijos-padres","publisher":{"@id":"https:\/\/saraortizmediacionfamiliar.com\/#organization"},"potentialAction":[{"@type":"SearchAction","target":{"@type":"EntryPoint","urlTemplate":"https:\/\/saraortizmediacionfamiliar.com\/?s={search_term_string}"},"query-input":{"@type":"PropertyValueSpecification","valueRequired":true,"valueName":"search_term_string"}}],"inLanguage":"en-US"},{"@type":"Organization","@id":"https:\/\/saraortizmediacionfamiliar.com\/#organization","name":"Sara Ortiz-Mediadora Familiar","url":"https:\/\/saraortizmediacionfamiliar.com\/","logo":{"@type":"ImageObject","inLanguage":"en-US","@id":"https:\/\/saraortizmediacionfamiliar.com\/#\/schema\/logo\/image\/","url":"https:\/\/saraortizmediacionfamiliar.com\/wp-content\/uploads\/2025\/06\/cropped-cropped-cropped-logosaraPNG-scaled-1-1-1.png","contentUrl":"https:\/\/saraortizmediacionfamiliar.com\/wp-content\/uploads\/2025\/06\/cropped-cropped-cropped-logosaraPNG-scaled-1-1-1.png","width":2558,"height":869,"caption":"Sara Ortiz-Mediadora Familiar"},"image":{"@id":"https:\/\/saraortizmediacionfamiliar.com\/#\/schema\/logo\/image\/"}}]}},"_links":{"self":[{"href":"https:\/\/saraortizmediacionfamiliar.com\/en\/wp-json\/wp\/v2\/pages\/12","targetHints":{"allow":["GET"]}}],"collection":[{"href":"https:\/\/saraortizmediacionfamiliar.com\/en\/wp-json\/wp\/v2\/pages"}],"about":[{"href":"https:\/\/saraortizmediacionfamiliar.com\/en\/wp-json\/wp\/v2\/types\/page"}],"author":[{"embeddable":true,"href":"https:\/\/saraortizmediacionfamiliar.com\/en\/wp-json\/wp\/v2\/users\/1"}],"replies":[{"embeddable":true,"href":"https:\/\/saraortizmediacionfamiliar.com\/en\/wp-json\/wp\/v2\/comments?post=12"}],"version-history":[{"count":121,"href":"https:\/\/saraortizmediacionfamiliar.com\/en\/wp-json\/wp\/v2\/pages\/12\/revisions"}],"predecessor-version":[{"id":575,"href":"https:\/\/saraortizmediacionfamiliar.com\/en\/wp-json\/wp\/v2\/pages\/12\/revisions\/575"}],"wp:attachment":[{"href":"https:\/\/saraortizmediacionfamiliar.com\/en\/wp-json\/wp\/v2\/media?parent=12"}],"curies":[{"name":"wp","href":"https:\/\/api.w.org\/{rel}","templated":true}]}}