{"id":2,"date":"2025-05-21T15:57:35","date_gmt":"2025-05-21T15:57:35","guid":{"rendered":"https:\/\/saraortizmediacionfamiliar.rkinformatika.online\/?page_id=2"},"modified":"2026-03-16T09:41:35","modified_gmt":"2026-03-16T09:41:35","slug":"inicio","status":"publish","type":"page","link":"https:\/\/saraortizmediacionfamiliar.com\/en\/","title":{"rendered":"Home"},"content":{"rendered":"<div data-elementor-type=\"wp-page\" data-elementor-id=\"2\" class=\"elementor elementor-2\" data-elementor-post-type=\"page\">\n\t\t\t\t<div class=\"elementor-element elementor-element-d845d4e e-con-full e-flex elementor-invisible e-con e-parent\" data-id=\"d845d4e\" data-element_type=\"container\" data-e-type=\"container\" data-settings=\"{&quot;background_background&quot;:&quot;classic&quot;,&quot;animation&quot;:&quot;fadeIn&quot;}\">\n\t\t<div class=\"elementor-element elementor-element-9da70ab e-con-full e-flex e-con e-child\" data-id=\"9da70ab\" data-element_type=\"container\" data-e-type=\"container\">\n\t\t<div class=\"elementor-element elementor-element-c367ed0 e-con-full e-flex e-con e-child\" data-id=\"c367ed0\" data-element_type=\"container\" data-e-type=\"container\">\n\t\t<div class=\"elementor-element elementor-element-79ac863 e-con-full animated-slow e-flex elementor-invisible e-con e-child\" data-id=\"79ac863\" data-element_type=\"container\" data-e-type=\"container\" data-settings=\"{&quot;animation&quot;:&quot;fadeInDown&quot;}\">\n\t\t\t\t<div class=\"elementor-element elementor-element-aa8c44d elementor-widget-tablet__width-initial elementor-widget-mobile__width-initial animated-slow elementor-widget elementor-widget-heading\" data-id=\"aa8c44d\" data-element_type=\"widget\" data-e-type=\"widget\" data-settings=\"{&quot;_animation_tablet&quot;:&quot;fadeInDown&quot;,&quot;_animation&quot;:&quot;none&quot;}\" data-widget_type=\"heading.default\">\n\t\t\t\t<div class=\"elementor-widget-container\">\n\t\t\t\t\t<h1 class=\"elementor-heading-title elementor-size-default\">family mediation with <br>Sara Ortiz<\/h1>\t\t\t\t<\/div>\n\t\t\t\t<\/div>\n\t\t\t\t<div class=\"elementor-element elementor-element-cae96a3 elementor-widget-tablet__width-initial elementor-widget-mobile__width-initial animated-slow elementor-widget elementor-widget-heading\" data-id=\"cae96a3\" data-element_type=\"widget\" data-e-type=\"widget\" data-settings=\"{&quot;_animation_tablet&quot;:&quot;fadeInDown&quot;,&quot;_animation&quot;:&quot;none&quot;}\" data-widget_type=\"heading.default\">\n\t\t\t\t<div class=\"elementor-widget-container\">\n\t\t\t\t\t<h2 class=\"elementor-heading-title elementor-size-default\">Accompanying families on the path toward understanding, listening, and relational peace<\/h2>\t\t\t\t<\/div>\n\t\t\t\t<\/div>\n\t\t\t\t<\/div>\n\t\t\t\t<div class=\"elementor-element elementor-element-65ed8b5 animated-slow elementor-invisible elementor-widget elementor-widget-button\" data-id=\"65ed8b5\" data-element_type=\"widget\" data-e-type=\"widget\" data-settings=\"{&quot;_animation&quot;:&quot;fadeInUp&quot;,&quot;_animation_delay&quot;:1000}\" data-widget_type=\"button.default\">\n\t\t\t\t<div class=\"elementor-widget-container\">\n\t\t\t\t\t\t\t\t\t<div class=\"elementor-button-wrapper\">\n\t\t\t\t\t<a class=\"elementor-button elementor-button-link elementor-size-sm\" href=\"tel:%20686%20776%20837\" target=\"_blank\">\n\t\t\t\t\t\t<span class=\"elementor-button-content-wrapper\">\n\t\t\t\t\t\t\t\t\t<span class=\"elementor-button-text\">Contact me<\/span>\n\t\t\t\t\t<\/span>\n\t\t\t\t\t<\/a>\n\t\t\t\t<\/div>\n\t\t\t\t\t\t\t\t<\/div>\n\t\t\t\t<\/div>\n\t\t\t\t<\/div>\n\t\t<div class=\"elementor-element elementor-element-ff1be4f e-con-full e-flex e-con e-child\" data-id=\"ff1be4f\" data-element_type=\"container\" data-e-type=\"container\">\n\t\t\t\t<\/div>\n\t\t\t\t<\/div>\n\t\t\t\t<\/div>\n\t\t<div class=\"elementor-element elementor-element-12176ff e-flex e-con-boxed e-con e-parent\" data-id=\"12176ff\" data-element_type=\"container\" data-e-type=\"container\">\n\t\t\t\t\t<div class=\"e-con-inner\">\n\t\t<div class=\"elementor-element elementor-element-364bd55 e-con-full e-flex e-con e-child\" data-id=\"364bd55\" data-element_type=\"container\" data-e-type=\"container\" data-settings=\"{&quot;background_background&quot;:&quot;classic&quot;}\">\n\t\t<div class=\"elementor-element elementor-element-b65c306 e-con-full e-flex e-con e-child\" data-id=\"b65c306\" data-element_type=\"container\" data-e-type=\"container\" data-settings=\"{&quot;background_background&quot;:&quot;classic&quot;}\">\n\t\t<div class=\"elementor-element elementor-element-bd8dea7 e-con-full animated-slow e-flex elementor-invisible e-con e-child\" data-id=\"bd8dea7\" data-element_type=\"container\" data-e-type=\"container\" data-settings=\"{&quot;animation&quot;:&quot;fadeInRight&quot;,&quot;background_background&quot;:&quot;classic&quot;}\">\n\t\t\t\t<div class=\"elementor-element elementor-element-13b6e3b elementor-widget elementor-widget-image-carousel\" data-id=\"13b6e3b\" data-element_type=\"widget\" data-e-type=\"widget\" data-settings=\"{&quot;slides_to_show&quot;:&quot;1&quot;,&quot;navigation&quot;:&quot;none&quot;,&quot;effect&quot;:&quot;fade&quot;,&quot;speed&quot;:2000,&quot;autoplay&quot;:&quot;yes&quot;,&quot;autoplay_speed&quot;:5000,&quot;infinite&quot;:&quot;yes&quot;}\" data-widget_type=\"image-carousel.default\">\n\t\t\t\t<div class=\"elementor-widget-container\">\n\t\t\t\t\t\t\t<div class=\"elementor-image-carousel-wrapper swiper\" role=\"region\" aria-roledescription=\"carousel\" aria-label=\"Carrusel de im\u00e1genes\" dir=\"ltr\">\n\t\t\t<div class=\"elementor-image-carousel swiper-wrapper\" aria-live=\"off\">\n\t\t\t\t\t\t\t\t<div class=\"swiper-slide\" role=\"group\" aria-roledescription=\"slide\" aria-label=\"1 of 2\"><figure class=\"swiper-slide-inner\"><img decoding=\"async\" class=\"swiper-slide-image\" src=\"https:\/\/saraortizmediacionfamiliar.com\/wp-content\/uploads\/2025\/05\/84528-Sara-Mediadora-1.png\" alt=\"84528 - Sara Mediadora (1)\" \/><\/figure><\/div><div class=\"swiper-slide\" role=\"group\" aria-roledescription=\"slide\" aria-label=\"2 of 2\"><figure class=\"swiper-slide-inner\"><img decoding=\"async\" class=\"swiper-slide-image\" src=\"https:\/\/saraortizmediacionfamiliar.com\/wp-content\/uploads\/2025\/05\/84528-Sara-Mediadora-2.png\" alt=\"84528 - Sara Mediadora (2)\" \/><\/figure><\/div>\t\t\t<\/div>\n\t\t\t\t\t\t\t\n\t\t\t\t\t\t\t\t\t<\/div>\n\t\t\t\t\t\t<\/div>\n\t\t\t\t<\/div>\n\t\t\t\t<\/div>\n\t\t<div class=\"elementor-element elementor-element-7a142f8 e-con-full animated-slow e-flex elementor-invisible e-con e-child\" data-id=\"7a142f8\" data-element_type=\"container\" data-e-type=\"container\" data-settings=\"{&quot;animation&quot;:&quot;fadeInLeft&quot;}\">\n\t\t\t\t<div class=\"elementor-element elementor-element-ce89a56 elementor-widget__width-initial elementor-widget elementor-widget-text-editor\" data-id=\"ce89a56\" data-element_type=\"widget\" data-e-type=\"widget\" data-widget_type=\"text-editor.default\">\n\t\t\t\t<div class=\"elementor-widget-container\">\n\t\t\t\t\t\t\t\t\t<p>After my mother's death, I felt the need to stop and look within. I began to ask myself deep questions and examine my personal situation from different perspectives: physical, mental, emotional, and spiritual. It was then that I made a courageous decision: to leave my stable job in the banking sector and focus on what was most important to me at that moment: my well-being and that of my family\u2014my husband and our three children.<\/p><p>At home, we experienced conflict almost daily. This reality prompted me to educate myself in various disciplines that helped not only me but also my family understand each other better, communicate with more respect, and live together more harmoniously.<\/p><p>During this process, I discovered Family Mediation, a profession I deeply love. Unlike therapy, mediation offers a practical and collaborative methodology that facilitates communication, emotional management, and the joint search for solutions. It allows those involved in a conflict to develop a new perspective on what is happening to them and find paths that benefit everyone.<\/p><p>Today I help families improve their quality of life through dialogue, empathy, and mutual understanding.<\/p><p><strong>Registered in the National Mediation Registry<\/strong><\/p>\t\t\t\t\t\t\t\t<\/div>\n\t\t\t\t<\/div>\n\t\t\t\t<div class=\"elementor-element elementor-element-a143ae2 elementor-widget-divider--view-line elementor-widget elementor-widget-divider\" data-id=\"a143ae2\" data-element_type=\"widget\" data-e-type=\"widget\" data-widget_type=\"divider.default\">\n\t\t\t\t<div class=\"elementor-widget-container\">\n\t\t\t\t\t\t\t<div class=\"elementor-divider\">\n\t\t\t<span class=\"elementor-divider-separator\">\n\t\t\t\t\t\t<\/span>\n\t\t<\/div>\n\t\t\t\t\t\t<\/div>\n\t\t\t\t<\/div>\n\t\t<div class=\"elementor-element elementor-element-995ee7e e-con-full e-flex e-con e-child\" data-id=\"995ee7e\" data-element_type=\"container\" data-e-type=\"container\">\n\t\t\t\t<div class=\"elementor-element elementor-element-937bd75 elementor-widget-tablet__width-initial elementor-widget-mobile__width-initial animated-slow elementor-widget elementor-widget-heading\" data-id=\"937bd75\" data-element_type=\"widget\" data-e-type=\"widget\" data-settings=\"{&quot;_animation&quot;:&quot;none&quot;,&quot;_animation_tablet&quot;:&quot;none&quot;,&quot;_animation_mobile&quot;:&quot;none&quot;}\" data-widget_type=\"heading.default\">\n\t\t\t\t<div class=\"elementor-widget-container\">\n\t\t\t\t\t<h3 class=\"elementor-heading-title elementor-size-default\">About me<\/h3>\t\t\t\t<\/div>\n\t\t\t\t<\/div>\n\t\t\t\t<\/div>\n\t\t\t\t<\/div>\n\t\t\t\t<\/div>\n\t\t\t\t<\/div>\n\t\t\t\t\t<\/div>\n\t\t\t\t<\/div>\n\t\t<div class=\"elementor-element elementor-element-bef9f03 e-con-full e-flex elementor-invisible e-con e-parent\" data-id=\"bef9f03\" data-element_type=\"container\" data-e-type=\"container\" data-settings=\"{&quot;background_background&quot;:&quot;classic&quot;,&quot;animation&quot;:&quot;fadeIn&quot;}\">\n\t\t<div class=\"elementor-element elementor-element-8eff9bb e-con-full e-flex e-con e-child\" data-id=\"8eff9bb\" data-element_type=\"container\" data-e-type=\"container\">\n\t\t<div class=\"elementor-element elementor-element-79711a9 e-con-full animated-slow e-flex elementor-invisible e-con e-child\" data-id=\"79711a9\" data-element_type=\"container\" data-e-type=\"container\" data-settings=\"{&quot;animation&quot;:&quot;fadeInDown&quot;}\">\n\t\t\t\t<div class=\"elementor-element elementor-element-f331940 elementor-widget-tablet__width-initial elementor-widget-mobile__width-initial animated-slow elementor-widget elementor-widget-heading\" data-id=\"f331940\" data-element_type=\"widget\" data-e-type=\"widget\" data-settings=\"{&quot;_animation_tablet&quot;:&quot;fadeInDown&quot;,&quot;_animation&quot;:&quot;none&quot;}\" data-widget_type=\"heading.default\">\n\t\t\t\t<div class=\"elementor-widget-container\">\n\t\t\t\t\t<h1 class=\"elementor-heading-title elementor-size-default\">Do you have any concerns at home?<\/h1>\t\t\t\t<\/div>\n\t\t\t\t<\/div>\n\t\t\t\t<div class=\"elementor-element elementor-element-09a7df0 elementor-widget-tablet__width-initial elementor-widget-mobile__width-initial animated-slow elementor-widget elementor-widget-heading\" data-id=\"09a7df0\" data-element_type=\"widget\" data-e-type=\"widget\" data-settings=\"{&quot;_animation_tablet&quot;:&quot;fadeInDown&quot;,&quot;_animation&quot;:&quot;none&quot;}\" data-widget_type=\"heading.default\">\n\t\t\t\t<div class=\"elementor-widget-container\">\n\t\t\t\t\t<h1 class=\"elementor-heading-title elementor-size-default\">Find out how I can help you<\/h1>\t\t\t\t<\/div>\n\t\t\t\t<\/div>\n\t\t\t\t<\/div>\n\t\t\t\t<div class=\"elementor-element elementor-element-1986cd0 animated-slow elementor-invisible elementor-widget elementor-widget-button\" data-id=\"1986cd0\" data-element_type=\"widget\" data-e-type=\"widget\" data-settings=\"{&quot;_animation&quot;:&quot;fadeInUp&quot;,&quot;_animation_delay&quot;:1000}\" data-widget_type=\"button.default\">\n\t\t\t\t<div class=\"elementor-widget-container\">\n\t\t\t\t\t\t\t\t\t<div class=\"elementor-button-wrapper\">\n\t\t\t\t\t<a class=\"elementor-button elementor-button-link elementor-size-sm\" href=\"https:\/\/saraortizmediacionfamiliar.com\/en\/servicios\/\">\n\t\t\t\t\t\t<span class=\"elementor-button-content-wrapper\">\n\t\t\t\t\t\t\t\t\t<span class=\"elementor-button-text\">See Services<\/span>\n\t\t\t\t\t<\/span>\n\t\t\t\t\t<\/a>\n\t\t\t\t<\/div>\n\t\t\t\t\t\t\t\t<\/div>\n\t\t\t\t<\/div>\n\t\t\t\t<\/div>\n\t\t\t\t<\/div>\n\t\t\t\t<\/div>","protected":false},"excerpt":{"rendered":"<p>Mediaci\u00f3n familiar con Sara Ortiz Acompa\u00f1ando a familias en el camino hacia el entendimiento, la escucha y la paz relacional Cont\u00e1ctame Tras el fallecimiento de mi madre, sent\u00ed la necesidad de detenerme y mirar hacia dentro. Empec\u00e9 a hacerme preguntas profundas y a observar mi situaci\u00f3n personal desde diferentes planos: f\u00edsico, mental, emocional y espiritual. [&hellip;]<\/p>\n","protected":false},"author":1,"featured_media":0,"parent":0,"menu_order":0,"comment_status":"closed","ping_status":"closed","template":"elementor_canvas","meta":{"footnotes":""},"class_list":["post-2","page","type-page","status-publish","hentry"],"yoast_head":"<!-- This site is optimized with the Yoast SEO plugin v27.3 - https:\/\/yoast.com\/product\/yoast-seo-wordpress\/ -->\n<title>Inicio - Sara Ortiz-Mediadora Familiar<\/title>\n<meta name=\"robots\" content=\"index, follow, max-snippet:-1, max-image-preview:large, max-video-preview:-1\" \/>\n<link rel=\"canonical\" href=\"https:\/\/saraortizmediacionfamiliar.com\/en\/\" \/>\n<meta property=\"og:locale\" content=\"en_US\" \/>\n<meta property=\"og:type\" content=\"article\" \/>\n<meta property=\"og:title\" content=\"Inicio - Sara Ortiz-Mediadora Familiar\" \/>\n<meta property=\"og:description\" content=\"Mediaci\u00f3n familiar con Sara Ortiz Acompa\u00f1ando a familias en el camino hacia el entendimiento, la escucha y la paz relacional Cont\u00e1ctame Tras el fallecimiento de mi madre, sent\u00ed la necesidad de detenerme y mirar hacia dentro. Empec\u00e9 a hacerme preguntas profundas y a observar mi situaci\u00f3n personal desde diferentes planos: f\u00edsico, mental, emocional y espiritual. [&hellip;]\" \/>\n<meta property=\"og:url\" content=\"https:\/\/saraortizmediacionfamiliar.com\/en\/\" \/>\n<meta property=\"og:site_name\" content=\"Sara Ortiz-Mediadora Familiar\" \/>\n<meta property=\"article:modified_time\" content=\"2026-03-16T09:41:35+00:00\" \/>\n<meta property=\"og:image\" content=\"https:\/\/saraortizmediacionfamiliar.com\/wp-content\/uploads\/2025\/05\/84528-Sara-Mediadora-1.png\" \/>\n<meta name=\"twitter:card\" content=\"summary_large_image\" \/>\n<meta name=\"twitter:label1\" content=\"Est. reading time\" \/>\n\t<meta name=\"twitter:data1\" content=\"2 minutes\" \/>\n<script type=\"application\/ld+json\" class=\"yoast-schema-graph\">{\"@context\":\"https:\\\/\\\/schema.org\",\"@graph\":[{\"@type\":\"WebPage\",\"@id\":\"https:\\\/\\\/saraortizmediacionfamiliar.com\\\/\",\"url\":\"https:\\\/\\\/saraortizmediacionfamiliar.com\\\/\",\"name\":\"Inicio - Sara Ortiz-Mediadora Familiar\",\"isPartOf\":{\"@id\":\"https:\\\/\\\/saraortizmediacionfamiliar.com\\\/#website\"},\"primaryImageOfPage\":{\"@id\":\"https:\\\/\\\/saraortizmediacionfamiliar.com\\\/#primaryimage\"},\"image\":{\"@id\":\"https:\\\/\\\/saraortizmediacionfamiliar.com\\\/#primaryimage\"},\"thumbnailUrl\":\"https:\\\/\\\/saraortizmediacionfamiliar.com\\\/wp-content\\\/uploads\\\/2025\\\/05\\\/84528-Sara-Mediadora-1.png\",\"datePublished\":\"2025-05-21T15:57:35+00:00\",\"dateModified\":\"2026-03-16T09:41:35+00:00\",\"breadcrumb\":{\"@id\":\"https:\\\/\\\/saraortizmediacionfamiliar.com\\\/#breadcrumb\"},\"inLanguage\":\"en-US\",\"potentialAction\":[{\"@type\":\"ReadAction\",\"target\":[\"https:\\\/\\\/saraortizmediacionfamiliar.com\\\/\"]}]},{\"@type\":\"ImageObject\",\"inLanguage\":\"en-US\",\"@id\":\"https:\\\/\\\/saraortizmediacionfamiliar.com\\\/#primaryimage\",\"url\":\"https:\\\/\\\/saraortizmediacionfamiliar.com\\\/wp-content\\\/uploads\\\/2025\\\/05\\\/84528-Sara-Mediadora-1.png\",\"contentUrl\":\"https:\\\/\\\/saraortizmediacionfamiliar.com\\\/wp-content\\\/uploads\\\/2025\\\/05\\\/84528-Sara-Mediadora-1.png\"},{\"@type\":\"BreadcrumbList\",\"@id\":\"https:\\\/\\\/saraortizmediacionfamiliar.com\\\/#breadcrumb\",\"itemListElement\":[{\"@type\":\"ListItem\",\"position\":1,\"name\":\"Portada\",\"item\":\"https:\\\/\\\/saraortizmediacionfamiliar.com\\\/\"},{\"@type\":\"ListItem\",\"position\":2,\"name\":\"Inicio\"}]},{\"@type\":\"WebSite\",\"@id\":\"https:\\\/\\\/saraortizmediacionfamiliar.com\\\/#website\",\"url\":\"https:\\\/\\\/saraortizmediacionfamiliar.com\\\/\",\"name\":\"Sara Ortiz-Mediadora Familiar\",\"description\":\"Mediaci\u00f3n Familiar. Resoluci\u00f3n de conflictos de pareja, padres-hijos, hermanos, hijos-padres\",\"publisher\":{\"@id\":\"https:\\\/\\\/saraortizmediacionfamiliar.com\\\/#organization\"},\"potentialAction\":[{\"@type\":\"SearchAction\",\"target\":{\"@type\":\"EntryPoint\",\"urlTemplate\":\"https:\\\/\\\/saraortizmediacionfamiliar.com\\\/?s={search_term_string}\"},\"query-input\":{\"@type\":\"PropertyValueSpecification\",\"valueRequired\":true,\"valueName\":\"search_term_string\"}}],\"inLanguage\":\"en-US\"},{\"@type\":\"Organization\",\"@id\":\"https:\\\/\\\/saraortizmediacionfamiliar.com\\\/#organization\",\"name\":\"Sara Ortiz-Mediadora Familiar\",\"url\":\"https:\\\/\\\/saraortizmediacionfamiliar.com\\\/\",\"logo\":{\"@type\":\"ImageObject\",\"inLanguage\":\"en-US\",\"@id\":\"https:\\\/\\\/saraortizmediacionfamiliar.com\\\/#\\\/schema\\\/logo\\\/image\\\/\",\"url\":\"https:\\\/\\\/saraortizmediacionfamiliar.com\\\/wp-content\\\/uploads\\\/2025\\\/06\\\/cropped-cropped-cropped-logosaraPNG-scaled-1-1-1.png\",\"contentUrl\":\"https:\\\/\\\/saraortizmediacionfamiliar.com\\\/wp-content\\\/uploads\\\/2025\\\/06\\\/cropped-cropped-cropped-logosaraPNG-scaled-1-1-1.png\",\"width\":2558,\"height\":869,\"caption\":\"Sara Ortiz-Mediadora Familiar\"},\"image\":{\"@id\":\"https:\\\/\\\/saraortizmediacionfamiliar.com\\\/#\\\/schema\\\/logo\\\/image\\\/\"}}]}<\/script>\n<!-- \/ Yoast SEO plugin. -->","yoast_head_json":{"title":"Inicio - Sara Ortiz-Mediadora Familiar","robots":{"index":"index","follow":"follow","max-snippet":"max-snippet:-1","max-image-preview":"max-image-preview:large","max-video-preview":"max-video-preview:-1"},"canonical":"https:\/\/saraortizmediacionfamiliar.com\/en\/","og_locale":"en_US","og_type":"article","og_title":"Inicio - Sara Ortiz-Mediadora Familiar","og_description":"Mediaci\u00f3n familiar con Sara Ortiz Acompa\u00f1ando a familias en el camino hacia el entendimiento, la escucha y la paz relacional Cont\u00e1ctame Tras el fallecimiento de mi madre, sent\u00ed la necesidad de detenerme y mirar hacia dentro. Empec\u00e9 a hacerme preguntas profundas y a observar mi situaci\u00f3n personal desde diferentes planos: f\u00edsico, mental, emocional y espiritual. [&hellip;]","og_url":"https:\/\/saraortizmediacionfamiliar.com\/en\/","og_site_name":"Sara Ortiz-Mediadora Familiar","article_modified_time":"2026-03-16T09:41:35+00:00","og_image":[{"url":"https:\/\/saraortizmediacionfamiliar.com\/wp-content\/uploads\/2025\/05\/84528-Sara-Mediadora-1.png","type":"","width":"","height":""}],"twitter_card":"summary_large_image","twitter_misc":{"Est. reading time":"2 minutes"},"schema":{"@context":"https:\/\/schema.org","@graph":[{"@type":"WebPage","@id":"https:\/\/saraortizmediacionfamiliar.com\/","url":"https:\/\/saraortizmediacionfamiliar.com\/","name":"Inicio - Sara Ortiz-Mediadora Familiar","isPartOf":{"@id":"https:\/\/saraortizmediacionfamiliar.com\/#website"},"primaryImageOfPage":{"@id":"https:\/\/saraortizmediacionfamiliar.com\/#primaryimage"},"image":{"@id":"https:\/\/saraortizmediacionfamiliar.com\/#primaryimage"},"thumbnailUrl":"https:\/\/saraortizmediacionfamiliar.com\/wp-content\/uploads\/2025\/05\/84528-Sara-Mediadora-1.png","datePublished":"2025-05-21T15:57:35+00:00","dateModified":"2026-03-16T09:41:35+00:00","breadcrumb":{"@id":"https:\/\/saraortizmediacionfamiliar.com\/#breadcrumb"},"inLanguage":"en-US","potentialAction":[{"@type":"ReadAction","target":["https:\/\/saraortizmediacionfamiliar.com\/"]}]},{"@type":"ImageObject","inLanguage":"en-US","@id":"https:\/\/saraortizmediacionfamiliar.com\/#primaryimage","url":"https:\/\/saraortizmediacionfamiliar.com\/wp-content\/uploads\/2025\/05\/84528-Sara-Mediadora-1.png","contentUrl":"https:\/\/saraortizmediacionfamiliar.com\/wp-content\/uploads\/2025\/05\/84528-Sara-Mediadora-1.png"},{"@type":"BreadcrumbList","@id":"https:\/\/saraortizmediacionfamiliar.com\/#breadcrumb","itemListElement":[{"@type":"ListItem","position":1,"name":"Portada","item":"https:\/\/saraortizmediacionfamiliar.com\/"},{"@type":"ListItem","position":2,"name":"Inicio"}]},{"@type":"WebSite","@id":"https:\/\/saraortizmediacionfamiliar.com\/#website","url":"https:\/\/saraortizmediacionfamiliar.com\/","name":"Sara Ortiz-Mediadora Familiar","description":"Mediaci\u00f3n Familiar. Resoluci\u00f3n de conflictos de pareja, padres-hijos, hermanos, hijos-padres","publisher":{"@id":"https:\/\/saraortizmediacionfamiliar.com\/#organization"},"potentialAction":[{"@type":"SearchAction","target":{"@type":"EntryPoint","urlTemplate":"https:\/\/saraortizmediacionfamiliar.com\/?s={search_term_string}"},"query-input":{"@type":"PropertyValueSpecification","valueRequired":true,"valueName":"search_term_string"}}],"inLanguage":"en-US"},{"@type":"Organization","@id":"https:\/\/saraortizmediacionfamiliar.com\/#organization","name":"Sara Ortiz-Mediadora Familiar","url":"https:\/\/saraortizmediacionfamiliar.com\/","logo":{"@type":"ImageObject","inLanguage":"en-US","@id":"https:\/\/saraortizmediacionfamiliar.com\/#\/schema\/logo\/image\/","url":"https:\/\/saraortizmediacionfamiliar.com\/wp-content\/uploads\/2025\/06\/cropped-cropped-cropped-logosaraPNG-scaled-1-1-1.png","contentUrl":"https:\/\/saraortizmediacionfamiliar.com\/wp-content\/uploads\/2025\/06\/cropped-cropped-cropped-logosaraPNG-scaled-1-1-1.png","width":2558,"height":869,"caption":"Sara Ortiz-Mediadora Familiar"},"image":{"@id":"https:\/\/saraortizmediacionfamiliar.com\/#\/schema\/logo\/image\/"}}]}},"_links":{"self":[{"href":"https:\/\/saraortizmediacionfamiliar.com\/en\/wp-json\/wp\/v2\/pages\/2","targetHints":{"allow":["GET"]}}],"collection":[{"href":"https:\/\/saraortizmediacionfamiliar.com\/en\/wp-json\/wp\/v2\/pages"}],"about":[{"href":"https:\/\/saraortizmediacionfamiliar.com\/en\/wp-json\/wp\/v2\/types\/page"}],"author":[{"embeddable":true,"href":"https:\/\/saraortizmediacionfamiliar.com\/en\/wp-json\/wp\/v2\/users\/1"}],"replies":[{"embeddable":true,"href":"https:\/\/saraortizmediacionfamiliar.com\/en\/wp-json\/wp\/v2\/comments?post=2"}],"version-history":[{"count":145,"href":"https:\/\/saraortizmediacionfamiliar.com\/en\/wp-json\/wp\/v2\/pages\/2\/revisions"}],"predecessor-version":[{"id":585,"href":"https:\/\/saraortizmediacionfamiliar.com\/en\/wp-json\/wp\/v2\/pages\/2\/revisions\/585"}],"wp:attachment":[{"href":"https:\/\/saraortizmediacionfamiliar.com\/en\/wp-json\/wp\/v2\/media?parent=2"}],"curies":[{"name":"wp","href":"https:\/\/api.w.org\/{rel}","templated":true}]}}